{"id":1964,"date":"2017-12-30T22:51:37","date_gmt":"2017-12-30T21:51:37","guid":{"rendered":"http:\/\/frokenparaiso.se\/?page_id=1964"},"modified":"2023-02-12T06:42:22","modified_gmt":"2023-02-12T05:42:22","slug":"tidigare-massor-utstallningar","status":"publish","type":"page","link":"https:\/\/frokenparaiso.se\/?page_id=1964","title":{"rendered":"Tidigare m\u00e4ssor &#038; utst\u00e4llningar"},"content":{"rendered":"<p><strong><br \/>\n2020<br \/>\n28 feb-1 mars: <a href=\"http:\/\/farfestikil.com\">F\u00e5rfest i Kil<\/a><\/p>\n<p>2019<br \/>\n1-3 mars: <a href=\"http:\/\/farfestikil.com\">F\u00e5rfest i Kil<\/a><\/p>\n<p>2018<\/strong><br \/>\n2-4 mars: <a href=\"http:\/\/farfestikil.com\">F\u00e5rfest i Kil<\/a><br \/>\n7-9 september: <a href=\"http:\/\/www.strik-bornholm.dk\/\">Strik Bornholm<\/a><br \/>\n6-7 oktober: <a href=\"http:\/\/stangbymassan.se\/\">St\u00e5ngbym\u00e4ssan, Lund<\/a><br \/>\n29 nov &#8211; 8 januari: <a href=\"https:\/\/hantverksmagasinet.eu\/\">Hantverksmagasinet i \u00c5m\u00e5l<\/a><\/p>\n<p><b>2017<\/b><br \/>\n19 februari: <a href=\"https:\/\/www.facebook.com\/events\/1838317423046804\/\">\u201dStickevent&#8221; i Bor\u00e5s<\/a><br \/>\n3\u20135 mars: <a href=\"http:\/\/farfestikil.com\">F\u00e5rfest i Kil<\/a><br \/>\n20-21 maj: <a href=\"http:\/\/slojdochbyggnadsvard.se\/reko\">REKO p\u00e5 N\u00e4\u00e4s Slott<\/a><br \/>\n26 juni-2 juli: <a href=\"http:\/\/falkangen.se\/hantverksbyn\/\">Hantverksbyn Falk\u00e4ngen, H\u00e4llekis<\/a><br \/>\n2-3 sept: Konst &amp; Hantverk, Kronhuset, G\u00f6teborg<br \/>\n1 okt: ULL i KUBIK, \u00d6str\u00f6\u00f6 F\u00e5rfarm<br \/>\n14-15 okt: <a href=\"http:\/\/stangbymassan.se\/\">St\u00e5ngbym\u00e4ssan, Sk\u00e5ne<\/a><br \/>\n25 nov-7 jan: Midvinterfest, Bohusl\u00e4nsmuseum i Uddevalla<br \/>\n1-31 dec: Minerva, Kronhusbodarna G\u00f6teborg<\/p>\n","protected":false},"excerpt":{"rendered":"<p>2020 28 feb-1 mars: F\u00e5rfest i Kil 2019 1-3 mars: F\u00e5rfest i Kil 2018 2-4 mars: F\u00e5rfest i Kil 7-9 september: Strik Bornholm 6-7 oktober: St\u00e5ngbym\u00e4ssan, Lund 29 nov &#8211; 8 januari: Hantverksmagasinet i \u00c5m\u00e5l 2017 19 februari: \u201dStickevent&#8221; i Bor\u00e5s 3\u20135 mars: F\u00e5rfest i Kil 20-21 maj: REKO p\u00e5 N\u00e4\u00e4s Slott 26 juni-2 juli: [&hellip;]<\/p>\n","protected":false},"author":1,"featured_media":0,"parent":834,"menu_order":0,"comment_status":"closed","ping_status":"closed","template":"","meta":{"ngg_post_thumbnail":0,"footnotes":""},"class_list":["post-1964","page","type-page","status-publish","hentry"],"_links":{"self":[{"href":"https:\/\/frokenparaiso.se\/index.php?rest_route=\/wp\/v2\/pages\/1964","targetHints":{"allow":["GET"]}}],"collection":[{"href":"https:\/\/frokenparaiso.se\/index.php?rest_route=\/wp\/v2\/pages"}],"about":[{"href":"https:\/\/frokenparaiso.se\/index.php?rest_route=\/wp\/v2\/types\/page"}],"author":[{"embeddable":true,"href":"https:\/\/frokenparaiso.se\/index.php?rest_route=\/wp\/v2\/users\/1"}],"replies":[{"embeddable":true,"href":"https:\/\/frokenparaiso.se\/index.php?rest_route=%2Fwp%2Fv2%2Fcomments&post=1964"}],"version-history":[{"count":5,"href":"https:\/\/frokenparaiso.se\/index.php?rest_route=\/wp\/v2\/pages\/1964\/revisions"}],"predecessor-version":[{"id":2218,"href":"https:\/\/frokenparaiso.se\/index.php?rest_route=\/wp\/v2\/pages\/1964\/revisions\/2218"}],"up":[{"embeddable":true,"href":"https:\/\/frokenparaiso.se\/index.php?rest_route=\/wp\/v2\/pages\/834"}],"wp:attachment":[{"href":"https:\/\/frokenparaiso.se\/index.php?rest_route=%2Fwp%2Fv2%2Fmedia&parent=1964"}],"curies":[{"name":"wp","href":"https:\/\/api.w.org\/{rel}","templated":true}]}}