{"id":2005,"date":"2018-11-18T01:44:44","date_gmt":"2018-11-18T00:44:44","guid":{"rendered":"http:\/\/frokenparaiso.se\/?page_id=2005"},"modified":"2025-02-21T16:05:08","modified_gmt":"2025-02-21T15:05:08","slug":"valkommen","status":"publish","type":"page","link":"https:\/\/frokenparaiso.se\/","title":{"rendered":"Fr\u00f6ken P&#8217;s Atelj\u00e9"},"content":{"rendered":"<p>I Fr\u00f6ken P&#8217;s Atelj\u00e9 hittar du s\u00e5v\u00e4l sy- som stickmaskiner, skriv- och m\u00e5lardon, st\u00e4mplar och f\u00e4rgdynor \u2013 samt en rej\u00e4l pappersbig.<\/p>\n<p><strong>Ull &amp; \u00c5terbruk<\/strong><br>Det hantverk som kommer ut till f\u00f6rs\u00e4ljning \u00e4r i huvudsak produkter tillverkade i svensk eller ekologisk ull. Str\u00e4van efter en mer h\u00e5llbar konsumtion g\u00f6r att det titt som ot\u00e4tt dyker upp alster som har sitt ursprung i textilier som har spelat ut sin roll i sitt originalutf\u00f6rande. \u00c5rets h\u00f6jdpunkt alla kategorier \u00e4r <a href=\"http:\/\/www.farfestikil.org\" target=\"_blank\" rel=\"noopener noreferrer\">F\u00e5rfesten i Kil,<\/a> som arrangeras torsdag-l\u00f6rdag (vecka 9) i Sannerudsskolan, Kil. Inom kort kommer h\u00e4r p\u00e5 sidan upp en webshop med mina textila alster.<\/p>\n<p><strong>ArtStamps<\/strong><br>Sedan sent 90-tal har jag h\u00e5llit p\u00e5 med motivst\u00e4mplar. 2000 sl\u00e4pptes de f\u00f6rsta st\u00e4mplarna under eget varum\u00e4rke och design \u2013 October Stamps \u2013 tillsammans med vapendragaren <a href=\"https:\/\/e-t.se\/\">Eva-Ter\u00e9z G\u00f6lin<\/a>.&nbsp;<\/p>\n<p>Du hittar st\u00e4mplarna p\u00e5 <a href=\"http:\/\/www.ocotberstamps.se\">Etsy.<\/a><\/p><p><\/p>","protected":false},"excerpt":{"rendered":"<p>I Fr\u00f6ken P&#8217;s Atelj\u00e9 hittar du s\u00e5v\u00e4l sy- som stickmaskiner, skriv- och m\u00e5lardon, st\u00e4mplar och f\u00e4rgdynor \u2013 samt en rej\u00e4l pappersbig. Ull &amp; \u00c5terbrukDet hantverk som kommer ut till f\u00f6rs\u00e4ljning \u00e4r i huvudsak produkter tillverkade i svensk eller ekologisk ull. Str\u00e4van efter en mer h\u00e5llbar konsumtion g\u00f6r att det titt som ot\u00e4tt dyker upp alster [&hellip;]<\/p>\n","protected":false},"author":1,"featured_media":0,"parent":0,"menu_order":0,"comment_status":"closed","ping_status":"closed","template":"template-homepage.php","meta":{"ngg_post_thumbnail":0,"footnotes":""},"class_list":["post-2005","page","type-page","status-publish","hentry"],"_links":{"self":[{"href":"https:\/\/frokenparaiso.se\/index.php?rest_route=\/wp\/v2\/pages\/2005","targetHints":{"allow":["GET"]}}],"collection":[{"href":"https:\/\/frokenparaiso.se\/index.php?rest_route=\/wp\/v2\/pages"}],"about":[{"href":"https:\/\/frokenparaiso.se\/index.php?rest_route=\/wp\/v2\/types\/page"}],"author":[{"embeddable":true,"href":"https:\/\/frokenparaiso.se\/index.php?rest_route=\/wp\/v2\/users\/1"}],"replies":[{"embeddable":true,"href":"https:\/\/frokenparaiso.se\/index.php?rest_route=%2Fwp%2Fv2%2Fcomments&post=2005"}],"version-history":[{"count":19,"href":"https:\/\/frokenparaiso.se\/index.php?rest_route=\/wp\/v2\/pages\/2005\/revisions"}],"predecessor-version":[{"id":2383,"href":"https:\/\/frokenparaiso.se\/index.php?rest_route=\/wp\/v2\/pages\/2005\/revisions\/2383"}],"wp:attachment":[{"href":"https:\/\/frokenparaiso.se\/index.php?rest_route=%2Fwp%2Fv2%2Fmedia&parent=2005"}],"curies":[{"name":"wp","href":"https:\/\/api.w.org\/{rel}","templated":true}]}}