{"id":917,"date":"2015-02-16T12:08:39","date_gmt":"2015-02-16T11:08:39","guid":{"rendered":"http:\/\/frokenparaiso.se\/?page_id=917"},"modified":"2023-03-06T07:16:57","modified_gmt":"2023-03-06T06:16:57","slug":"benvarmare","status":"publish","type":"page","link":"https:\/\/frokenparaiso.se\/?page_id=917","title":{"rendered":"Stickat"},"content":{"rendered":"<table style=\"width: 800px;\">\n<tbody>\n<tr>\n<td>\n<p><span style=\"color: #993300;\">Fr\u00f6ken P&#8217;s e:v\u00e4rmare, klonkskydd och fintorgisar \u00e4r stickade i 100 % svensk ull, fr\u00e5n fr\u00e4mst Filtmakeriet i Kilafors. De stickas p\u00e5 en sockstickmaskin fr\u00e5n 1920. En tillverkad produkt med en tappad maska sl\u00e4ngs inte. Babsan, som \u00e4r av m\u00e4rket Imperia, \u00e4r precis som jag inte felfri. Maskan plockas upp och fixas till, och ibland kan det anas om man letar noga. S\u00e5 \u00e4r det bara.<\/span><\/p>\n<p><span style=\"color: #993300;\">Obs! Garnerna f\u00e4rgas (med syraf\u00e4rger) i sm\u00e5 kvantiteter, vilket inneb\u00e4r att det kanske bara blir ett enda par i en specifik kul\u00f6r\/f\u00e4rgs\u00e4ttning.<\/span><\/td>\n<\/tr>\n<\/tbody>\n<\/table>\n<div class=\"mceTemp\"><\/div>\n<table class=\" alignleft\" style=\"height: 1071px;\" width=\"793\">\n<tbody>\n<tr>\n<td><a href=\"http:\/\/media.frokenparaiso.se\/2016\/02\/IMG_4882.jpg\" rel=\"attachment wp-att-1183\" rel=\"lightbox[917]\"><img loading=\"lazy\" decoding=\"async\" class=\"size-medium wp-image-1183 aligncenter\" src=\"http:\/\/media.frokenparaiso.se\/2016\/02\/IMG_4882-300x300.jpg\" alt=\"Benisar i det &quot;hemf\u00e4rgade&quot; ullgarnet.\" width=\"300\" height=\"300\" srcset=\"https:\/\/frokenparaiso.se\/wp-content\/uploads\/2016\/02\/IMG_4882-300x300.jpg 300w, https:\/\/frokenparaiso.se\/wp-content\/uploads\/2016\/02\/IMG_4882-324x324.jpg 324w, https:\/\/frokenparaiso.se\/wp-content\/uploads\/2016\/02\/IMG_4882-100x100.jpg 100w, https:\/\/frokenparaiso.se\/wp-content\/uploads\/2016\/02\/IMG_4882-416x416.jpg 416w, https:\/\/frokenparaiso.se\/wp-content\/uploads\/2016\/02\/IMG_4882-150x150.jpg 150w, https:\/\/frokenparaiso.se\/wp-content\/uploads\/2016\/02\/IMG_4882-768x768.jpg 768w, https:\/\/frokenparaiso.se\/wp-content\/uploads\/2016\/02\/IMG_4882-1024x1024.jpg 1024w, https:\/\/frokenparaiso.se\/wp-content\/uploads\/2016\/02\/IMG_4882-624x624.jpg 624w, https:\/\/frokenparaiso.se\/wp-content\/uploads\/2016\/02\/IMG_4882.jpg 1774w\" sizes=\"auto, (max-width: 300px) 100vw, 300px\" \/><\/a><\/td>\n<td style=\"vertical-align: top;\">\n<h1 style=\"text-align: left;\">E:v\u00e4rmare<\/h1>\n<ul>\n<li>Finns i tre l\u00e4ngder<\/li>\n<li>100 % ull. Garn fr\u00e5n Filtmakeriet i Kilafors.<\/li>\n<li>Stickade i res\u00e5r 1\/1. Overlockade kanter.<\/li>\n<li>L\u00e4ngd ca 56 cm.<\/li>\n<li style=\"text-align: justify;\">Pris fr\u00e5n 200 kr<\/li>\n<li style=\"text-align: justify;\"><a href=\"https:\/\/frokenparaiso.se\/?page_id=1376\">L\u00e4s mer och fler bilder h\u00e4r.<\/a><\/li>\n<\/ul>\n<p style=\"padding-left: 30px;\">\n<\/td>\n<\/tr>\n<tr>\n<td colspan=\"2\"><\/td>\n<\/tr>\n<tr>\n<td><a href=\"http:\/\/media.frokenparaiso.se\/2023\/03\/D9545172-0786-401E-95B4-DD6ADEF7882A.jpeg\" rel=\"lightbox[917]\"><img loading=\"lazy\" decoding=\"async\" class=\"size-medium wp-image-2222 aligncenter\" src=\"http:\/\/media.frokenparaiso.se\/2023\/03\/D9545172-0786-401E-95B4-DD6ADEF7882A-300x300.jpeg\" alt=\"\" width=\"300\" height=\"300\" srcset=\"https:\/\/frokenparaiso.se\/wp-content\/uploads\/2023\/03\/D9545172-0786-401E-95B4-DD6ADEF7882A-300x300.jpeg 300w, https:\/\/frokenparaiso.se\/wp-content\/uploads\/2023\/03\/D9545172-0786-401E-95B4-DD6ADEF7882A-324x324.jpeg 324w, https:\/\/frokenparaiso.se\/wp-content\/uploads\/2023\/03\/D9545172-0786-401E-95B4-DD6ADEF7882A-100x100.jpeg 100w, https:\/\/frokenparaiso.se\/wp-content\/uploads\/2023\/03\/D9545172-0786-401E-95B4-DD6ADEF7882A-416x416.jpeg 416w, https:\/\/frokenparaiso.se\/wp-content\/uploads\/2023\/03\/D9545172-0786-401E-95B4-DD6ADEF7882A-1024x1024.jpeg 1024w, https:\/\/frokenparaiso.se\/wp-content\/uploads\/2023\/03\/D9545172-0786-401E-95B4-DD6ADEF7882A-150x150.jpeg 150w, https:\/\/frokenparaiso.se\/wp-content\/uploads\/2023\/03\/D9545172-0786-401E-95B4-DD6ADEF7882A-768x768.jpeg 768w, https:\/\/frokenparaiso.se\/wp-content\/uploads\/2023\/03\/D9545172-0786-401E-95B4-DD6ADEF7882A-1536x1536.jpeg 1536w, https:\/\/frokenparaiso.se\/wp-content\/uploads\/2023\/03\/D9545172-0786-401E-95B4-DD6ADEF7882A.jpeg 1813w\" sizes=\"auto, (max-width: 300px) 100vw, 300px\" \/><\/a><\/td>\n<td style=\"vertical-align: top;\">\n<h1>Ljusstrumpan Fyris<\/h1>\n<ul>\n<li>F\u00f6r batteridrivna blockljus<\/li>\n<li>100 % ull fr\u00e5n liten f\u00e5rg\u00e5rd i V\u00e4rmland.<\/li>\n<li>L\u00e4ngd 9\/13 cm..<\/li>\n<li style=\"text-align: justify;\">Pris fr\u00e5n 125\/150 kr<\/li>\n<li style=\"text-align: justify;\">L\u00e4s mer och fler bilder h\u00e4r (l\u00e4nk kommer)<\/li>\n<\/ul>\n<p style=\"padding-left: 30px;\">\n<\/td>\n<\/tr>\n<tr>\n<td><a href=\"http:\/\/media.frokenparaiso.se\/2018\/11\/IMG_0288.jpg\" rel=\"lightbox[917]\"><img loading=\"lazy\" decoding=\"async\" class=\"size-medium wp-image-2044 aligncenter\" src=\"http:\/\/media.frokenparaiso.se\/2018\/11\/IMG_0288-300x300.jpg\" alt=\"\" width=\"300\" height=\"300\" srcset=\"https:\/\/frokenparaiso.se\/wp-content\/uploads\/2018\/11\/IMG_0288-300x300.jpg 300w, https:\/\/frokenparaiso.se\/wp-content\/uploads\/2018\/11\/IMG_0288-324x324.jpg 324w, https:\/\/frokenparaiso.se\/wp-content\/uploads\/2018\/11\/IMG_0288-100x100.jpg 100w, https:\/\/frokenparaiso.se\/wp-content\/uploads\/2018\/11\/IMG_0288-416x416.jpg 416w, https:\/\/frokenparaiso.se\/wp-content\/uploads\/2018\/11\/IMG_0288-150x150.jpg 150w, https:\/\/frokenparaiso.se\/wp-content\/uploads\/2018\/11\/IMG_0288-768x768.jpg 768w, https:\/\/frokenparaiso.se\/wp-content\/uploads\/2018\/11\/IMG_0288-1024x1024.jpg 1024w, https:\/\/frokenparaiso.se\/wp-content\/uploads\/2018\/11\/IMG_0288-180x180.jpg 180w, https:\/\/frokenparaiso.se\/wp-content\/uploads\/2018\/11\/IMG_0288-600x600.jpg 600w, https:\/\/frokenparaiso.se\/wp-content\/uploads\/2018\/11\/IMG_0288.jpg 1080w\" sizes=\"auto, (max-width: 300px) 100vw, 300px\" \/><\/a><\/td>\n<td style=\"vertical-align: top;\">\n<h1>Klonkskydd<\/h1>\n<ul>\n<li>100 % ull.<\/li>\n<li>Stickade i res\u00e5r 2\/1. Overlockade kanter.<\/li>\n<li>L\u00e4ngd ca xx cm.<\/li>\n<li style=\"text-align: justify;\">Fler bilder h\u00e4r.<\/li>\n<li style=\"text-align: justify;\">Pris fr\u00e5n 175 kr<\/li>\n<li style=\"text-align: justify;\"><a href=\"https:\/\/frokenparaiso.se\/?page_id=2157\">L\u00e4s mer och fler bilder h\u00e4r<\/a><\/li>\n<\/ul>\n<\/td>\n<\/tr>\n<\/tbody>\n<\/table>\n<p><\/p>\n","protected":false},"excerpt":{"rendered":"<p>Fr\u00f6ken P&#8217;s e:v\u00e4rmare, klonkskydd och fintorgisar \u00e4r stickade i 100 % svensk ull, fr\u00e5n fr\u00e4mst Filtmakeriet i Kilafors. De stickas p\u00e5 en sockstickmaskin fr\u00e5n 1920. En tillverkad produkt med en tappad maska sl\u00e4ngs inte. Babsan, som \u00e4r av m\u00e4rket Imperia, \u00e4r precis som jag inte felfri. Maskan plockas upp och fixas till, och ibland kan [&hellip;]<\/p>\n","protected":false},"author":1,"featured_media":0,"parent":0,"menu_order":2,"comment_status":"closed","ping_status":"closed","template":"","meta":{"ngg_post_thumbnail":0,"footnotes":""},"class_list":["post-917","page","type-page","status-publish","hentry"],"_links":{"self":[{"href":"https:\/\/frokenparaiso.se\/index.php?rest_route=\/wp\/v2\/pages\/917","targetHints":{"allow":["GET"]}}],"collection":[{"href":"https:\/\/frokenparaiso.se\/index.php?rest_route=\/wp\/v2\/pages"}],"about":[{"href":"https:\/\/frokenparaiso.se\/index.php?rest_route=\/wp\/v2\/types\/page"}],"author":[{"embeddable":true,"href":"https:\/\/frokenparaiso.se\/index.php?rest_route=\/wp\/v2\/users\/1"}],"replies":[{"embeddable":true,"href":"https:\/\/frokenparaiso.se\/index.php?rest_route=%2Fwp%2Fv2%2Fcomments&post=917"}],"version-history":[{"count":87,"href":"https:\/\/frokenparaiso.se\/index.php?rest_route=\/wp\/v2\/pages\/917\/revisions"}],"predecessor-version":[{"id":2224,"href":"https:\/\/frokenparaiso.se\/index.php?rest_route=\/wp\/v2\/pages\/917\/revisions\/2224"}],"wp:attachment":[{"href":"https:\/\/frokenparaiso.se\/index.php?rest_route=%2Fwp%2Fv2%2Fmedia&parent=917"}],"curies":[{"name":"wp","href":"https:\/\/api.w.org\/{rel}","templated":true}]}}