{"id":2424,"date":"2025-03-24T17:30:30","date_gmt":"2025-03-24T16:30:30","guid":{"rendered":"https:\/\/frokenparaiso.se\/?post_type=product&#038;p=2424"},"modified":"2025-03-25T15:30:24","modified_gmt":"2025-03-25T14:30:24","slug":"robin-randig-005","status":"publish","type":"product","link":"https:\/\/frokenparaiso.se\/?product=robin-randig-005","title":{"rendered":"Robin, randig (005)"},"content":{"rendered":"<p>Halvvanten \u201dRobin\u201d \u00e4r stickad p\u00e5 sockstickmaskinen fr\u00e5n 1920-talet.<\/p>\n<p>Robin har en \u00f6ppen tumme som \u00e4r lite l\u00e4ngre. Tanken \u00e4r att den v\u00e4rmer en st\u00f6rre del eller hela tummen, men kan vikas ner om man beh\u00f6ver pilla med exempelvis telefonen. N\u00e4r den \u00e4r stickad bearbetas den i varmt vatten och s\u00e5pa f\u00f6r att filtas och formas lite, sen ruggas den l\u00e4tt p\u00e5 insidan f\u00f6r en mjukare k\u00e4nsla.&nbsp;<\/p>\n<p>Alla Robin \u00e4r stickade p\u00e5 samma antal maskor, men de f\u00e4rdiga produkterna kan skilja sig \u00e5t i storlek beroende p\u00e5 vilken ull garnet \u00e4r spunnet av, d\u00e5 ullen hos olika f\u00e5r (raser) har olika filtningsegenskaper och d\u00e4rf\u00f6r reagerar lite olika av efterbehandlingen.&nbsp;<\/p>\n","protected":false},"excerpt":{"rendered":"<p>Garn: <a href=\"https:\/\/filtmakeriet.se\/produkt\/filtmakeriets-klassiska-ullgarn-1-tr\/\" target=\"_blank\" rel=\"noopener\">Filtmakeriets 1-tr\u00e5diga klassiska ullgarn<\/a>.<br \/>\nM\u00e5tt: 25 cm l\u00e5ng, 16 cm omkrets &#8221;ot\u00f6jd&#8221;<br \/>\nBasf\u00e4rg: Brungr\u00e5.<br \/>\nRandig (3 kul\u00f6rer). Reservation f\u00f6r att f\u00e4rg\u00e5tergivningen p\u00e5verkas av s\u00e5v\u00e4l fotografering som sk\u00e4rminst\u00e4llning och kanske d\u00e4rf\u00f6r inte \u00f6verensst\u00e4mmer till 100% med verkligheten.<\/p>\n<p>Denna f\u00e4rgkombination finns endast i ett (1) exemplar.<\/p>\n","protected":false},"featured_media":2425,"template":"","meta":{"ngg_post_thumbnail":0},"product_brand":[],"product_cat":[262],"product_tag":[265,272,264,267,263],"class_list":{"0":"post-2424","1":"product","2":"type-product","3":"status-publish","4":"has-post-thumbnail","6":"product_cat-halvvanten-robin","7":"product_tag-babsan","8":"product_tag-filtmakeriet","9":"product_tag-halvvante","10":"product_tag-randad","11":"product_tag-robin","13":"first","14":"instock","15":"sold-individually","16":"purchasable","17":"product-type-simple"},"_links":{"self":[{"href":"https:\/\/frokenparaiso.se\/index.php?rest_route=\/wp\/v2\/product\/2424","targetHints":{"allow":["GET"]}}],"collection":[{"href":"https:\/\/frokenparaiso.se\/index.php?rest_route=\/wp\/v2\/product"}],"about":[{"href":"https:\/\/frokenparaiso.se\/index.php?rest_route=\/wp\/v2\/types\/product"}],"wp:featuredmedia":[{"embeddable":true,"href":"https:\/\/frokenparaiso.se\/index.php?rest_route=\/wp\/v2\/media\/2425"}],"wp:attachment":[{"href":"https:\/\/frokenparaiso.se\/index.php?rest_route=%2Fwp%2Fv2%2Fmedia&parent=2424"}],"wp:term":[{"taxonomy":"product_brand","embeddable":true,"href":"https:\/\/frokenparaiso.se\/index.php?rest_route=%2Fwp%2Fv2%2Fproduct_brand&post=2424"},{"taxonomy":"product_cat","embeddable":true,"href":"https:\/\/frokenparaiso.se\/index.php?rest_route=%2Fwp%2Fv2%2Fproduct_cat&post=2424"},{"taxonomy":"product_tag","embeddable":true,"href":"https:\/\/frokenparaiso.se\/index.php?rest_route=%2Fwp%2Fv2%2Fproduct_tag&post=2424"}],"curies":[{"name":"wp","href":"https:\/\/api.w.org\/{rel}","templated":true}]}}