{"id":2453,"date":"2025-04-24T16:39:35","date_gmt":"2025-04-24T15:39:35","guid":{"rendered":"https:\/\/frokenparaiso.se\/?post_type=product&#038;p=2453"},"modified":"2026-02-28T13:17:29","modified_gmt":"2026-02-28T12:17:29","slug":"ellinor-gramelerad","status":"publish","type":"product","link":"https:\/\/frokenparaiso.se\/?product=ellinor-gramelerad","title":{"rendered":"Ellinor, gr\u00e5melerad"},"content":{"rendered":"<p>Ellinor \u00e4r en halvvante sydd i ekologiskt ulltyg. Den \u00e4r f\u00f6ljsam och uppskattad f\u00f6r att den b\u00e5de v\u00e4rmer och \u00e4r stilig. Kunder med v\u00e4rkande leder och h\u00e4nder har sagt att de tycker den g\u00f6r underverk, men jag kan naturligtvis inte l\u00e4mna n\u00e5gra garantier p\u00e5 det. Den ska sitta relativt tajt p\u00e5 vid f\u00f6rsta provning, den kommer att forma och t\u00f6ja sig en smula.<\/p>\n<p>Just denna \u00e4r \u201doriginalet&#8221;, sytt i ett mjukt och f\u00f6ljsamt ekologiskt stickat ulltyg som \u00e4r l\u00e4tt valkat. Tyv\u00e4rr g\u00e5r det inte att f\u00e5 tag i l\u00e4ngre. Fabriken s\u00e5ldes och den nya \u00e4garen fick, eller kunde inte, ta med sig eko-certifieringen. Det resulterade i att min leverant\u00f6r inte l\u00e4ngre tog in den i sitt sortiment.&nbsp;<\/p>\n<p>De exemplar som finns nu \u00e4r sydda av sm\u00e5bitar som jag har kvar, vilket \u00e4r en smula tids\u00f6dande. D\u00e4rav \u00e4r dessa lite dyrare \u00e4n de andra tv\u00e5 som jag syr i ett lite kraftigare, men ocks\u00e5 mycket behagligt, stickat ulltyg. Om det g\u00e5r att skramla ihop material till fler par vet jag inte i nul\u00e4get.<\/p>\n<p>&nbsp;<\/p>\n","protected":false},"excerpt":{"rendered":"<p>Liten: l\u00e4ngd 17 cm, omkrets 15 cm<br \/>\nStor: l\u00e4ngd 19 cm, omkrets 18<br \/>\nMaterial: ekologisk ull (fr\u00e5n Italien om jag minns r\u00e4tt)<\/p>\n","protected":false},"featured_media":2442,"template":"","meta":{"ngg_post_thumbnail":0},"product_brand":[],"product_cat":[275],"product_tag":[276,264],"class_list":{"0":"post-2453","1":"product","2":"type-product","3":"status-publish","4":"has-post-thumbnail","6":"product_cat-halvvanten-ellinor","7":"product_tag-ellinor","8":"product_tag-halvvante","10":"first","11":"instock","12":"purchasable","13":"product-type-variable"},"_links":{"self":[{"href":"https:\/\/frokenparaiso.se\/index.php?rest_route=\/wp\/v2\/product\/2453","targetHints":{"allow":["GET"]}}],"collection":[{"href":"https:\/\/frokenparaiso.se\/index.php?rest_route=\/wp\/v2\/product"}],"about":[{"href":"https:\/\/frokenparaiso.se\/index.php?rest_route=\/wp\/v2\/types\/product"}],"wp:featuredmedia":[{"embeddable":true,"href":"https:\/\/frokenparaiso.se\/index.php?rest_route=\/wp\/v2\/media\/2442"}],"wp:attachment":[{"href":"https:\/\/frokenparaiso.se\/index.php?rest_route=%2Fwp%2Fv2%2Fmedia&parent=2453"}],"wp:term":[{"taxonomy":"product_brand","embeddable":true,"href":"https:\/\/frokenparaiso.se\/index.php?rest_route=%2Fwp%2Fv2%2Fproduct_brand&post=2453"},{"taxonomy":"product_cat","embeddable":true,"href":"https:\/\/frokenparaiso.se\/index.php?rest_route=%2Fwp%2Fv2%2Fproduct_cat&post=2453"},{"taxonomy":"product_tag","embeddable":true,"href":"https:\/\/frokenparaiso.se\/index.php?rest_route=%2Fwp%2Fv2%2Fproduct_tag&post=2453"}],"curies":[{"name":"wp","href":"https:\/\/api.w.org\/{rel}","templated":true}]}}