{"id":2517,"date":"2025-04-29T17:16:44","date_gmt":"2025-04-29T16:16:44","guid":{"rendered":"https:\/\/frokenparaiso.se\/?post_type=product&#038;p=2517"},"modified":"2025-05-10T14:49:34","modified_gmt":"2025-05-10T13:49:34","slug":"evarmare-no-3-bla-2","status":"publish","type":"product","link":"https:\/\/frokenparaiso.se\/?product=evarmare-no-3-bla-2","title":{"rendered":"e:v\u00e4rmare No 3 \u2013 Bl\u00e5 (014)"},"content":{"rendered":"<p>E:v\u00e4rmare No. 3 \u00e4r det som normala m\u00e4nniskor kallar benv\u00e4rmare. Men jag h\u00e4vdar med best\u00e4mdhet att den fungerar utm\u00e4rkt att b\u00e4ra p\u00e5 armarna n\u00e4r det tunna linnet inte r\u00e4cker till en sval sommarkv\u00e4ll. Eller som f\u00f6rst\u00e4rkning \u00f6ver tr\u00f6j\u00e4rmarna en lite kyligare h\u00f6stadag n\u00e4r &nbsp;man \u00e4nnu v\u00e4grar att ta fram vinterjackan. Hur som \u2013 \u00e4r det den perfekta accessoaren f\u00f6r varje dag \u2013 s\u00e5v\u00e4l till vardags som fest.&nbsp;<\/p>\n","protected":false},"excerpt":{"rendered":"<ul>\n<li>100 % ull. Garn fr\u00e5n <a href=\"https:\/\/frokenparaiso.se\/?page_id=1964\">Filtmakeriet i Kilafors<\/a>.<\/li>\n<li>Stickade i res\u00e5r 1\/1. Overlockade kanter.<\/li>\n<li>L\u00e4ngd ca 56 cm.<\/li>\n<li>F\u00e4rgad med syraf\u00e4rg fr\u00e5n Zenit Konsthantverk<\/li>\n<\/ul>\n","protected":false},"featured_media":2487,"template":"","meta":{"ngg_post_thumbnail":0},"product_brand":[],"product_cat":[234,124],"product_tag":[120,235,233,129,155,128],"class_list":{"0":"post-2517","1":"product","2":"type-product","3":"status-publish","4":"has-post-thumbnail","6":"product_cat-evarmare","7":"product_cat-evarmare_no3","8":"product_tag-benvarmare","9":"product_tag-evarmare","10":"product_tag-no-3","11":"product_tag-stickat","12":"product_tag-svensk-ull","13":"product_tag-ull","15":"first","16":"instock","17":"sold-individually","18":"purchasable","19":"product-type-simple"},"_links":{"self":[{"href":"https:\/\/frokenparaiso.se\/index.php?rest_route=\/wp\/v2\/product\/2517","targetHints":{"allow":["GET"]}}],"collection":[{"href":"https:\/\/frokenparaiso.se\/index.php?rest_route=\/wp\/v2\/product"}],"about":[{"href":"https:\/\/frokenparaiso.se\/index.php?rest_route=\/wp\/v2\/types\/product"}],"wp:featuredmedia":[{"embeddable":true,"href":"https:\/\/frokenparaiso.se\/index.php?rest_route=\/wp\/v2\/media\/2487"}],"wp:attachment":[{"href":"https:\/\/frokenparaiso.se\/index.php?rest_route=%2Fwp%2Fv2%2Fmedia&parent=2517"}],"wp:term":[{"taxonomy":"product_brand","embeddable":true,"href":"https:\/\/frokenparaiso.se\/index.php?rest_route=%2Fwp%2Fv2%2Fproduct_brand&post=2517"},{"taxonomy":"product_cat","embeddable":true,"href":"https:\/\/frokenparaiso.se\/index.php?rest_route=%2Fwp%2Fv2%2Fproduct_cat&post=2517"},{"taxonomy":"product_tag","embeddable":true,"href":"https:\/\/frokenparaiso.se\/index.php?rest_route=%2Fwp%2Fv2%2Fproduct_tag&post=2517"}],"curies":[{"name":"wp","href":"https:\/\/api.w.org\/{rel}","templated":true}]}}