{"id":2572,"date":"2025-05-10T13:32:18","date_gmt":"2025-05-10T12:32:18","guid":{"rendered":"https:\/\/frokenparaiso.se\/?post_type=product&#038;p=2572"},"modified":"2025-05-10T15:08:10","modified_gmt":"2025-05-10T14:08:10","slug":"evarmare-no-2-citrongul","status":"publish","type":"product","link":"https:\/\/frokenparaiso.se\/?product=evarmare-no-2-citrongul","title":{"rendered":"e:v\u00e4rmare No 2 \u2013 Citrongr\u00f6n (002)"},"content":{"rendered":"<p>E:v\u00e4rmare No. 2 \u00e4r det som normala m\u00e4nniskor kallar pulsv\u00e4rmare.<\/p>\n<p>Men jag h\u00e4vdar med best\u00e4mdhet att den fungerar utm\u00e4rkt att ha p\u00e5 ankeln oavsett om det \u00e4r som en accessoar till sommarskon eller i glipan som kan bli mellan byxor och skor. Hur som \u2013 \u00e4r det den perfekta accessoaren f\u00f6r varje dag \u2013 s\u00e5v\u00e4l till vardags som fest.<\/p>\n<p>Denna e:v\u00e4rmare, \u00e4r ca 20 cm i sin naturliga l\u00e4ngd. Hur l\u00e5ngt upp den str\u00e4cker sig p\u00e5 benet\/armen beror naturligtvis p\u00e5 kroppsdelens omkrets.<\/p>\n","protected":false},"excerpt":{"rendered":"<ul>\n<li>100 % ull. Garn fr\u00e5n <a href=\"https:\/\/frokenparaiso.se\/?page_id=1964\">Filtmakeriet i Kilafors<\/a>.<\/li>\n<li>Stickade i res\u00e5r 2\/1. Overlockade kanter.<\/li>\n<li>L\u00e4ngd ca 20 cm.<\/li>\n<li>F\u00e4rgad med syraf\u00e4rg fr\u00e5n Zenit Konsthantverk<\/li>\n<\/ul>\n","protected":false},"featured_media":2573,"template":"","meta":{"ngg_post_thumbnail":0},"product_brand":[],"product_cat":[234,261],"product_tag":[120,235,233,129,155,128],"class_list":{"0":"post-2572","1":"product","2":"type-product","3":"status-publish","4":"has-post-thumbnail","6":"product_cat-evarmare","7":"product_cat-evarmare-no2","8":"product_tag-benvarmare","9":"product_tag-evarmare","10":"product_tag-no-3","11":"product_tag-stickat","12":"product_tag-svensk-ull","13":"product_tag-ull","15":"first","16":"instock","17":"sold-individually","18":"purchasable","19":"product-type-simple"},"_links":{"self":[{"href":"https:\/\/frokenparaiso.se\/index.php?rest_route=\/wp\/v2\/product\/2572","targetHints":{"allow":["GET"]}}],"collection":[{"href":"https:\/\/frokenparaiso.se\/index.php?rest_route=\/wp\/v2\/product"}],"about":[{"href":"https:\/\/frokenparaiso.se\/index.php?rest_route=\/wp\/v2\/types\/product"}],"wp:featuredmedia":[{"embeddable":true,"href":"https:\/\/frokenparaiso.se\/index.php?rest_route=\/wp\/v2\/media\/2573"}],"wp:attachment":[{"href":"https:\/\/frokenparaiso.se\/index.php?rest_route=%2Fwp%2Fv2%2Fmedia&parent=2572"}],"wp:term":[{"taxonomy":"product_brand","embeddable":true,"href":"https:\/\/frokenparaiso.se\/index.php?rest_route=%2Fwp%2Fv2%2Fproduct_brand&post=2572"},{"taxonomy":"product_cat","embeddable":true,"href":"https:\/\/frokenparaiso.se\/index.php?rest_route=%2Fwp%2Fv2%2Fproduct_cat&post=2572"},{"taxonomy":"product_tag","embeddable":true,"href":"https:\/\/frokenparaiso.se\/index.php?rest_route=%2Fwp%2Fv2%2Fproduct_tag&post=2572"}],"curies":[{"name":"wp","href":"https:\/\/api.w.org\/{rel}","templated":true}]}}